{"id":423,"date":"2020-11-19T20:52:07","date_gmt":"2020-11-19T19:52:07","guid":{"rendered":"https:\/\/teamplutt.pl\/?page_id=423"},"modified":"2020-11-19T20:52:08","modified_gmt":"2020-11-19T19:52:08","slug":"dzieki-za-subskrypcje","status":"publish","type":"page","link":"https:\/\/teamplutt.pl\/index.php\/dzieki-za-subskrypcje\/","title":{"rendered":"Dzi\u0119ki za subskrypcj\u0119!"},"content":{"rendered":"\n<p>Ju\u017c nied\u0142ugo pode\u015bl\u0119 co\u015b do poczytania;-)<\/p>\n","protected":false},"excerpt":{"rendered":"<p>Ju\u017c nied\u0142ugo pode\u015bl\u0119 co\u015b do poczytania;-)<\/p>\n","protected":false},"author":1,"featured_media":0,"parent":0,"menu_order":0,"comment_status":"closed","ping_status":"closed","template":"","meta":{"cybocfi_hide_featured_image":"","footnotes":""},"class_list":["post-423","page","type-page","status-publish","hentry"],"yoast_head":"<!-- This site is optimized with the Yoast SEO plugin v24.3 - https:\/\/yoast.com\/wordpress\/plugins\/seo\/ -->\n<title>Dzi\u0119ki za subskrypcj\u0119! - TeamPlutt<\/title>\n<meta name=\"robots\" content=\"index, follow, max-snippet:-1, max-image-preview:large, max-video-preview:-1\" \/>\n<link rel=\"canonical\" href=\"https:\/\/teamplutt.pl\/index.php\/dzieki-za-subskrypcje\/\" \/>\n<meta property=\"og:locale\" content=\"pl_PL\" \/>\n<meta property=\"og:type\" content=\"article\" \/>\n<meta property=\"og:title\" content=\"Dzi\u0119ki za subskrypcj\u0119! - TeamPlutt\" \/>\n<meta property=\"og:description\" content=\"Ju\u017c nied\u0142ugo pode\u015bl\u0119 co\u015b do poczytania;-)\" \/>\n<meta property=\"og:url\" content=\"https:\/\/teamplutt.pl\/index.php\/dzieki-za-subskrypcje\/\" \/>\n<meta property=\"og:site_name\" content=\"TeamPlutt\" \/>\n<meta property=\"article:modified_time\" content=\"2020-11-19T19:52:08+00:00\" \/>\n<meta name=\"twitter:card\" content=\"summary_large_image\" \/>\n<script type=\"application\/ld+json\" class=\"yoast-schema-graph\">{\"@context\":\"https:\/\/schema.org\",\"@graph\":[{\"@type\":\"WebPage\",\"@id\":\"https:\/\/teamplutt.pl\/index.php\/dzieki-za-subskrypcje\/\",\"url\":\"https:\/\/teamplutt.pl\/index.php\/dzieki-za-subskrypcje\/\",\"name\":\"Dzi\u0119ki za subskrypcj\u0119! - TeamPlutt\",\"isPartOf\":{\"@id\":\"https:\/\/teamplutt.pl\/#website\"},\"datePublished\":\"2020-11-19T19:52:07+00:00\",\"dateModified\":\"2020-11-19T19:52:08+00:00\",\"breadcrumb\":{\"@id\":\"https:\/\/teamplutt.pl\/index.php\/dzieki-za-subskrypcje\/#breadcrumb\"},\"inLanguage\":\"pl-PL\",\"potentialAction\":[{\"@type\":\"ReadAction\",\"target\":[\"https:\/\/teamplutt.pl\/index.php\/dzieki-za-subskrypcje\/\"]}]},{\"@type\":\"BreadcrumbList\",\"@id\":\"https:\/\/teamplutt.pl\/index.php\/dzieki-za-subskrypcje\/#breadcrumb\",\"itemListElement\":[{\"@type\":\"ListItem\",\"position\":1,\"name\":\"Strona g\u0142\u00f3wna\",\"item\":\"https:\/\/teamplutt.pl\/\"},{\"@type\":\"ListItem\",\"position\":2,\"name\":\"Dzi\u0119ki za&nbsp;subskrypcj\u0119!\"}]},{\"@type\":\"WebSite\",\"@id\":\"https:\/\/teamplutt.pl\/#website\",\"url\":\"https:\/\/teamplutt.pl\/\",\"name\":\"TeamPlutt\",\"description\":\"Running is my gasoline\",\"potentialAction\":[{\"@type\":\"SearchAction\",\"target\":{\"@type\":\"EntryPoint\",\"urlTemplate\":\"https:\/\/teamplutt.pl\/?s={search_term_string}\"},\"query-input\":{\"@type\":\"PropertyValueSpecification\",\"valueRequired\":true,\"valueName\":\"search_term_string\"}}],\"inLanguage\":\"pl-PL\"}]}<\/script>\n<!-- \/ Yoast SEO plugin. -->","yoast_head_json":{"title":"Dzi\u0119ki za subskrypcj\u0119! - TeamPlutt","robots":{"index":"index","follow":"follow","max-snippet":"max-snippet:-1","max-image-preview":"max-image-preview:large","max-video-preview":"max-video-preview:-1"},"canonical":"https:\/\/teamplutt.pl\/index.php\/dzieki-za-subskrypcje\/","og_locale":"pl_PL","og_type":"article","og_title":"Dzi\u0119ki za subskrypcj\u0119! - TeamPlutt","og_description":"Ju\u017c nied\u0142ugo pode\u015bl\u0119 co\u015b do poczytania;-)","og_url":"https:\/\/teamplutt.pl\/index.php\/dzieki-za-subskrypcje\/","og_site_name":"TeamPlutt","article_modified_time":"2020-11-19T19:52:08+00:00","twitter_card":"summary_large_image","schema":{"@context":"https:\/\/schema.org","@graph":[{"@type":"WebPage","@id":"https:\/\/teamplutt.pl\/index.php\/dzieki-za-subskrypcje\/","url":"https:\/\/teamplutt.pl\/index.php\/dzieki-za-subskrypcje\/","name":"Dzi\u0119ki za subskrypcj\u0119! - TeamPlutt","isPartOf":{"@id":"https:\/\/teamplutt.pl\/#website"},"datePublished":"2020-11-19T19:52:07+00:00","dateModified":"2020-11-19T19:52:08+00:00","breadcrumb":{"@id":"https:\/\/teamplutt.pl\/index.php\/dzieki-za-subskrypcje\/#breadcrumb"},"inLanguage":"pl-PL","potentialAction":[{"@type":"ReadAction","target":["https:\/\/teamplutt.pl\/index.php\/dzieki-za-subskrypcje\/"]}]},{"@type":"BreadcrumbList","@id":"https:\/\/teamplutt.pl\/index.php\/dzieki-za-subskrypcje\/#breadcrumb","itemListElement":[{"@type":"ListItem","position":1,"name":"Strona g\u0142\u00f3wna","item":"https:\/\/teamplutt.pl\/"},{"@type":"ListItem","position":2,"name":"Dzi\u0119ki za&nbsp;subskrypcj\u0119!"}]},{"@type":"WebSite","@id":"https:\/\/teamplutt.pl\/#website","url":"https:\/\/teamplutt.pl\/","name":"TeamPlutt","description":"Running is my gasoline","potentialAction":[{"@type":"SearchAction","target":{"@type":"EntryPoint","urlTemplate":"https:\/\/teamplutt.pl\/?s={search_term_string}"},"query-input":{"@type":"PropertyValueSpecification","valueRequired":true,"valueName":"search_term_string"}}],"inLanguage":"pl-PL"}]}},"_links":{"self":[{"href":"https:\/\/teamplutt.pl\/index.php\/wp-json\/wp\/v2\/pages\/423","targetHints":{"allow":["GET"]}}],"collection":[{"href":"https:\/\/teamplutt.pl\/index.php\/wp-json\/wp\/v2\/pages"}],"about":[{"href":"https:\/\/teamplutt.pl\/index.php\/wp-json\/wp\/v2\/types\/page"}],"author":[{"embeddable":true,"href":"https:\/\/teamplutt.pl\/index.php\/wp-json\/wp\/v2\/users\/1"}],"replies":[{"embeddable":true,"href":"https:\/\/teamplutt.pl\/index.php\/wp-json\/wp\/v2\/comments?post=423"}],"version-history":[{"count":2,"href":"https:\/\/teamplutt.pl\/index.php\/wp-json\/wp\/v2\/pages\/423\/revisions"}],"predecessor-version":[{"id":451,"href":"https:\/\/teamplutt.pl\/index.php\/wp-json\/wp\/v2\/pages\/423\/revisions\/451"}],"wp:attachment":[{"href":"https:\/\/teamplutt.pl\/index.php\/wp-json\/wp\/v2\/media?parent=423"}],"curies":[{"name":"wp","href":"https:\/\/api.w.org\/{rel}","templated":true}]}}